{"id":982,"date":"2020-03-22T17:36:24","date_gmt":"2020-03-22T16:36:24","guid":{"rendered":"https:\/\/zkf.akademiarac.edu.pl\/?page_id=982"},"modified":"2020-05-07T08:56:11","modified_gmt":"2020-05-07T06:56:11","slug":"o-programie","status":"publish","type":"page","link":"https:\/\/zkf.akademiarac.edu.pl\/index.php\/o-programie\/","title":{"rendered":"O projekcie"},"content":{"rendered":"<p>[et_pb_section fb_built=&#8221;1&#8243; fullwidth=&#8221;on&#8221; admin_label=&#8221;Hero Section&#8221; _builder_version=&#8221;3.22&#8243; background_image=&#8221;https:\/\/zkf.akademiarac.edu.pl\/wp-content\/uploads\/2020\/03\/law-firm-26.jpg&#8221; parallax=&#8221;on&#8221; custom_padding=&#8221;|||&#8221;][et_pb_fullwidth_header title=&#8221;O PROJEKCIE&#8221; content_max_width=&#8221;900px&#8221; _builder_version=&#8221;4.4.1&#8243; title_font=&#8221;Poppins|600||on|||||&#8221; title_font_size=&#8221;18px&#8221; title_letter_spacing=&#8221;4px&#8221; title_line_height=&#8221;1.8em&#8221; subhead_font=&#8221;Raleway|700|||||||&#8221; subhead_font_size=&#8221;50px&#8221; subhead_line_height=&#8221;1.4em&#8221; background_color=&#8221;rgba(126,190,197,0)&#8221; use_background_color_gradient=&#8221;on&#8221; background_color_gradient_start=&#8221;#35808b&#8221; background_color_gradient_end=&#8221;rgba(53,128,139,0.39)&#8221; background_color_gradient_direction=&#8221;90deg&#8221; background_color_gradient_start_position=&#8221;25%&#8221; background_color_gradient_end_position=&#8221;75%&#8221; background_color_gradient_overlays_image=&#8221;on&#8221; custom_button_one=&#8221;on&#8221; button_one_text_size=&#8221;14px&#8221; button_one_bg_color=&#8221;#29cb8b&#8221; button_one_border_width=&#8221;12px&#8221; button_one_border_color=&#8221;#29cb8b&#8221; button_one_letter_spacing=&#8221;2px&#8221; button_one_font=&#8221;Poppins|600||on|||||&#8221; button_one_icon=&#8221;%%3%%&#8221; custom_button_two=&#8221;on&#8221; button_two_text_size=&#8221;14px&#8221; button_two_text_color=&#8221;#29cb8b&#8221; button_two_bg_color=&#8221;#ffffff&#8221; button_two_border_width=&#8221;12px&#8221; button_two_border_color=&#8221;#ffffff&#8221; button_two_letter_spacing=&#8221;2px&#8221; button_two_font=&#8221;Poppins|600||on|||||&#8221; button_two_icon=&#8221;%%3%%&#8221; custom_padding=&#8221;80px||18vw|&#8221; content_font_size_last_edited=&#8221;off|desktop&#8221; subhead_font_size_tablet=&#8221;40px&#8221; subhead_font_size_phone=&#8221;30px&#8221; subhead_font_size_last_edited=&#8221;on|desktop&#8221; button_one_letter_spacing_hover=&#8221;2px&#8221; button_two_letter_spacing_hover=&#8221;2px&#8221; button_one_text_size__hover_enabled=&#8221;off&#8221; button_two_text_size__hover_enabled=&#8221;off&#8221; button_one_text_color__hover_enabled=&#8221;off&#8221; button_two_text_color__hover_enabled=&#8221;off&#8221; button_one_border_width__hover_enabled=&#8221;off&#8221; button_two_border_width__hover_enabled=&#8221;off&#8221; button_one_border_color__hover_enabled=&#8221;off&#8221; button_two_border_color__hover_enabled=&#8221;off&#8221; button_one_border_radius__hover_enabled=&#8221;off&#8221; button_two_border_radius__hover_enabled=&#8221;off&#8221; button_one_letter_spacing__hover_enabled=&#8221;on&#8221; button_one_letter_spacing__hover=&#8221;2px&#8221; button_two_letter_spacing__hover_enabled=&#8221;on&#8221; button_two_letter_spacing__hover=&#8221;2px&#8221; button_one_bg_color__hover_enabled=&#8221;off&#8221; button_two_bg_color__hover_enabled=&#8221;off&#8221;][\/et_pb_fullwidth_header][\/et_pb_section][et_pb_section fb_built=&#8221;1&#8243; _builder_version=&#8221;3.22&#8243; custom_margin=&#8221;||50px||false&#8221; custom_margin_tablet=&#8221;&#8221; custom_margin_phone=&#8221;||0px|&#8221; custom_margin_last_edited=&#8221;on|phone&#8221; custom_padding=&#8221;0px||0||false|false&#8221;][et_pb_row _builder_version=&#8221;3.25&#8243; width=&#8221;100%&#8221; max_width=&#8221;100%&#8221; custom_margin=&#8221;|||&#8221; custom_padding=&#8221;27px|0px|27px|0px|false|false&#8221; use_custom_width=&#8221;on&#8221; width_unit=&#8221;off&#8221; custom_width_percent=&#8221;100%&#8221;][et_pb_column type=&#8221;4_4&#8243; _builder_version=&#8221;3.25&#8243; custom_padding=&#8221;0px|||&#8221; custom_padding__hover=&#8221;|||&#8221;][et_pb_text _builder_version=&#8221;3.27.4&#8243; text_font=&#8221;Raleway|800|||||||&#8221; text_font_size=&#8221;22vw&#8221; text_line_height=&#8221;0.8em&#8221; background_layout=&#8221;dark&#8221; custom_margin=&#8221;-15vw|||-2%&#8221; custom_margin_tablet=&#8221;-19vw|||&#8221; custom_margin_phone=&#8221;&#8221; custom_margin_last_edited=&#8221;on|tablet&#8221; animation_style=&#8221;slide&#8221; animation_direction=&#8221;bottom&#8221; animation_intensity_slide=&#8221;5%&#8221; animation_starting_opacity=&#8221;100%&#8221; text_font_size_tablet=&#8221;&#8221; text_font_size_phone=&#8221;&#8221; text_font_size_last_edited=&#8221;on|phone&#8221;]Info<br \/>\n[\/et_pb_text][\/et_pb_column][\/et_pb_row][\/et_pb_section][et_pb_section fb_built=&#8221;1&#8243; custom_padding_last_edited=&#8221;on|desktop&#8221; admin_label=&#8221;About Section&#8221; _builder_version=&#8221;3.22&#8243; module_alignment=&#8221;right&#8221; custom_padding=&#8221;10px||0||false|false&#8221; custom_padding_tablet=&#8221;||120px|&#8221; custom_padding_phone=&#8221;&#8221;][et_pb_row column_structure=&#8221;3_4,1_4&#8243; _builder_version=&#8221;3.25&#8243; custom_padding=&#8221;|||&#8221; animation_style=&#8221;slide&#8221; animation_direction=&#8221;right&#8221; animation_intensity_slide=&#8221;1%&#8221; locked=&#8221;off&#8221;][et_pb_column type=&#8221;3_4&#8243; _builder_version=&#8221;3.25&#8243; custom_padding=&#8221;|||&#8221; custom_padding__hover=&#8221;|||&#8221;][et_pb_text _builder_version=&#8221;3.27.4&#8243; text_font=&#8221;||||||||&#8221; header_font=&#8221;||||||||&#8221; header_2_font=&#8221;Raleway|700|||||||&#8221; header_2_font_size=&#8221;56px&#8221; header_2_line_height=&#8221;1.4em&#8221; custom_margin=&#8221;||20px|&#8221; header_2_font_size_tablet=&#8221;36px&#8221; header_2_font_size_phone=&#8221;&#8221; header_2_font_size_last_edited=&#8221;on|desktop&#8221;]<\/p>\n<h2>ZKF PWSZ w Raciborzu<\/h2>\n<p>[\/et_pb_text][et_pb_divider color=&#8221;#29cb8b&#8221; divider_weight=&#8221;3px&#8221; _builder_version=&#8221;3.8.1&#8243; max_width=&#8221;50px&#8221;]&nbsp;<br \/>\n[\/et_pb_divider][et_pb_text _builder_version=&#8221;4.4.1&#8243; text_font=&#8221;Poppins||||||||&#8221; text_font_size=&#8221;16px&#8221; text_line_height=&#8221;2em&#8221;]<\/p>\n<p style=\"text-align: center;\"><strong>Zarz\u0105dzanie i Komptencje Filarami Zintegrowanego Programu Rozwoju<\/strong><\/p>\n<p style=\"text-align: center;\"><span>Projekt wsp\u00f3\u0142finansowany przez Uni\u0119 Europejsk\u0105 ze \u015brodk\u00f3w Europejskiego Funduszu Spo\u0142ecznego <br \/>w ramach Programu Wiedza Edukacja Rozw\u00f3j 2014 \u2013 2020.<\/span><br \/> <span>Projekt jest realizowany w ramach konkursu Narodowego Centrum Bada\u0144 i Rozwoju: <br \/>Program Operacyjny Wiedza Edukacja Rozw\u00f3j, o\u015b priorytetowa III: Szkolnictwo wy\u017csze dla gospodarki i rozwoju, dzia\u0142anie 3.5: Kompleksowe programy szk\u00f3\u0142 wy\u017cszych.<\/span><\/p>\n<p>[\/et_pb_text][\/et_pb_column][et_pb_column type=&#8221;1_4&#8243; _builder_version=&#8221;3.25&#8243; custom_padding=&#8221;|||&#8221; custom_padding__hover=&#8221;|||&#8221;][et_pb_image src=&#8221;https:\/\/zkf.akademiarac.edu.pl\/wp-content\/uploads\/2020\/03\/job_recruitement_13.png&#8221; align_tablet=&#8221;center&#8221; align_phone=&#8221;&#8221; align_last_edited=&#8221;on|desktop&#8221; _builder_version=&#8221;3.23&#8243; max_width_tablet=&#8221;300px&#8221; max_width_phone=&#8221;&#8221; max_width_last_edited=&#8221;on|tablet&#8221; custom_margin=&#8221;|-40%||&#8221; custom_margin_tablet=&#8221;|0%||&#8221; custom_margin_phone=&#8221;&#8221; custom_margin_last_edited=&#8221;on|phone&#8221; animation_style=&#8221;roll&#8221; animation_delay=&#8221;50ms&#8221; animation_intensity_roll=&#8221;15%&#8221;]&nbsp;<br \/>\n[\/et_pb_image][\/et_pb_column][\/et_pb_row][et_pb_row _builder_version=&#8221;3.25&#8243;][et_pb_column type=&#8221;4_4&#8243; _builder_version=&#8221;3.25&#8243; custom_padding=&#8221;|||&#8221; custom_padding__hover=&#8221;|||&#8221;][et_pb_image src=&#8221;https:\/\/zkf.akademiarac.edu.pl\/wp-content\/uploads\/2020\/03\/FE_POWER_poziom_pl-1_rgb-scaled.jpg&#8221; align_tablet=&#8221;center&#8221; align_phone=&#8221;&#8221; align_last_edited=&#8221;on|desktop&#8221; _builder_version=&#8221;4.4.1&#8243;]&nbsp;<br \/>\n[\/et_pb_image][\/et_pb_column][\/et_pb_row][\/et_pb_section][et_pb_section fb_built=&#8221;1&#8243; admin_label=&#8221;History Section&#8221; _builder_version=&#8221;4.4.1&#8243; background_color=&#8221;#35808b&#8221; custom_padding=&#8221;0px||0px||true&#8221; border_color_all=&#8221;#000dff&#8221;][\/et_pb_section][et_pb_section fb_built=&#8221;1&#8243; _builder_version=&#8221;3.22&#8243;][et_pb_row _builder_version=&#8221;3.25&#8243;][et_pb_column type=&#8221;4_4&#8243; _builder_version=&#8221;3.25&#8243; custom_padding=&#8221;|||&#8221; custom_padding__hover=&#8221;|||&#8221;][et_pb_text _builder_version=&#8221;3.27.4&#8243; text_font=&#8221;|600|||||||&#8221; text_font_size=&#8221;22px&#8221; text_line_height=&#8221;1.9em&#8221;]<\/p>\n<p style=\"text-align: justify;\"><strong>Celem g\u0142\u00f3wnym projektu<\/strong> jest zwi\u0119kszenie efektywno\u015bci procesu dydaktycznego poprzez:<\/p>\n<p style=\"text-align: justify;\">&#8211; realizacj\u0119 wysokiej jako\u015bci program\u00f3w wsparcia oraz opracowanie i w\u0142\u0105czenie do programu studi\u00f3w certyfikowanych szkole\u0144 kompetencyjnych, w tym zaj\u0119\u0107 warsztatowych i praktycznych, kszta\u0142tuj\u0105cych kompetencje student\u00f3w adekwatne do zdiagnozowanych potrzeb rynku pracy,<\/p>\n<p style=\"text-align: justify;\">&#8211; uzupe\u0142nienie kompetencji student\u00f3w wszystkich prowadzonych kierunk\u00f3w studi\u00f3w,<\/p>\n<p style=\"text-align: justify;\">&#8211; uzupe\u0142nienie kompetencji i kwalifikacji kadry zarz\u0105dczej PWSZ.<\/p>\n<p><strong><span style=\"color: #35808b;\">Realizacja proj. zosta\u0142a zaplanowana w okresie od 1 pa\u017adziernika 2019 r do 28 lutego 2023 r.<\/span><\/strong><\/p>\n<p><span>W ramach projektu realizowane s\u0105 dwa zadania tj. <\/span><\/p>\n<p style=\"text-align: justify;\"><span>1.\u00a0<\/span>Wdro\u017cenie programu podnoszenia kompetencji w PWSZ w Raciborzu, kt\u00f3ry obejmuje zadania zwi\u0105zane ze wsparciem student\u00f3w w uzyskaniu nowych kompetencji i kwalifikacji w trakcie procesu dydaktycznego. Wsparcie to realizowane b\u0119dzie w postaci dodatkowych zaj\u0119\u0107 dydaktycznych typu analitycznego, informatycznego, zaj\u0119\u0107 z przedsi\u0119biorczo\u015bci i komunikacji, wykraczaj\u0105cych poza standardowy plan studi\u00f3w.<\/p>\n<p style=\"text-align: justify;\"><span>2.\u00a0<\/span><span style=\"font-size: 22px; text-align: justify;\">Wdro\u017cenie programu wsparcia zarz\u0105dzania w PWSZ w Raciborzu. Program skierowany jest do pracownik\u00f3w PWSZ (dydaktycznych i administracyjnych) w celu podniesienia kwalifikacji i kompe-tencji dydaktycznych i informatycznych niezb\u0119dnych w:<\/span><\/p>\n<p style=\"text-align: justify;\">&#8211; zarz\u0105dzaniu uczelni\u0105 na wysokim poziomie operacyjnym,<\/p>\n<p style=\"text-align: justify;\">&#8211; sprawnym realizowaniu wysokiej jako\u015bci procesu dydaktycznego, w tym pos\u0142ugiwaniu si\u0119 profesjonalnymi bazami danych i ich wykorzystywaniu w procesie kszta\u0142cenia, zarz\u0105dzaniu informacj\u0105 i tworzeniu otwartych zasob\u00f3w edukacyjnych,<\/p>\n<p style=\"text-align: justify;\">&#8211; doskonaleniu jako\u015bci i dzia\u0142a\u0144 podnosz\u0105cych kompetencje zarz\u0105dcze kadr kierowniczych i admini-stracyjnych.<\/p>\n<p style=\"text-align: justify;\">Zadanie wspiera r\u00f3wnie\u017c uczelni\u0119 z zakresie informatycznych narz\u0119dzi profesjonalnego zarz\u0105dzania procesami poprzez modernizacj\u0119 systemu zarz\u0105dzania informatycznego uczelni\u0105 oraz modernizacj\u0119 infrastruktury informatycznej.<\/p>\n<p>[\/et_pb_text][\/et_pb_column][\/et_pb_row][\/et_pb_section]<\/p>\n","protected":false},"excerpt":{"rendered":"<p>Info ZKF PWSZ w Raciborzu&nbsp; Zarz\u0105dzanie i Komptencje Filarami Zintegrowanego Programu Rozwoju Projekt wsp\u00f3\u0142finansowany przez Uni\u0119 Europejsk\u0105 ze \u015brodk\u00f3w Europejskiego Funduszu Spo\u0142ecznego w ramach Programu Wiedza Edukacja Rozw\u00f3j 2014 \u2013 2020. Projekt jest realizowany w ramach konkursu Narodowego Centrum Bada\u0144 i Rozwoju: Program Operacyjny Wiedza Edukacja Rozw\u00f3j, o\u015b priorytetowa III: Szkolnictwo wy\u017csze dla gospodarki i [&hellip;]<\/p>\n","protected":false},"author":1,"featured_media":0,"parent":0,"menu_order":0,"comment_status":"closed","ping_status":"closed","template":"","meta":{"_et_pb_use_builder":"on","_et_pb_old_content":"","_et_gb_content_width":""},"_links":{"self":[{"href":"https:\/\/zkf.akademiarac.edu.pl\/index.php\/wp-json\/wp\/v2\/pages\/982"}],"collection":[{"href":"https:\/\/zkf.akademiarac.edu.pl\/index.php\/wp-json\/wp\/v2\/pages"}],"about":[{"href":"https:\/\/zkf.akademiarac.edu.pl\/index.php\/wp-json\/wp\/v2\/types\/page"}],"author":[{"embeddable":true,"href":"https:\/\/zkf.akademiarac.edu.pl\/index.php\/wp-json\/wp\/v2\/users\/1"}],"replies":[{"embeddable":true,"href":"https:\/\/zkf.akademiarac.edu.pl\/index.php\/wp-json\/wp\/v2\/comments?post=982"}],"version-history":[{"count":10,"href":"https:\/\/zkf.akademiarac.edu.pl\/index.php\/wp-json\/wp\/v2\/pages\/982\/revisions"}],"predecessor-version":[{"id":1060,"href":"https:\/\/zkf.akademiarac.edu.pl\/index.php\/wp-json\/wp\/v2\/pages\/982\/revisions\/1060"}],"wp:attachment":[{"href":"https:\/\/zkf.akademiarac.edu.pl\/index.php\/wp-json\/wp\/v2\/media?parent=982"}],"curies":[{"name":"wp","href":"https:\/\/api.w.org\/{rel}","templated":true}]}}