{"id":147,"date":"2020-03-22T17:10:00","date_gmt":"2020-03-22T16:10:00","guid":{"rendered":"https:\/\/zkf.akademiarac.edu.pl\/?page_id=147"},"modified":"2021-08-05T08:30:28","modified_gmt":"2021-08-05T06:30:28","slug":"glowna","status":"publish","type":"page","link":"https:\/\/zkf.akademiarac.edu.pl\/","title":{"rendered":"G\u0142\u00f3wna"},"content":{"rendered":"<p>[et_pb_section fb_built=&#8221;1&#8243; fullwidth=&#8221;on&#8221; admin_label=&#8221;Hero Section&#8221; _builder_version=&#8221;3.22&#8243; background_image=&#8221;https:\/\/zkf.akademiarac.edu.pl\/wp-content\/uploads\/2020\/03\/job_recruitement_15.jpg&#8221; parallax=&#8221;on&#8221; custom_padding=&#8221;|||&#8221;][et_pb_fullwidth_header title=&#8221;zarz\u0105dzanie i kompetencje filarami zintegrowanego programu rozwoju&#8221; subhead=&#8221;PWSZ W RACIBORZU&#8221; button_one_text=&#8221;O projekcie&#8221; button_one_url=&#8221;https:\/\/zkf.akademiarac.edu.pl\/index.php\/o-programie\/&#8221; button_two_text=&#8221;HARMONOGRAM&#8221; button_two_url=&#8221;https:\/\/zkf.akademiarac.edu.pl\/index.php\/harmonogram\/&#8221; content_max_width=&#8221;900px&#8221; _builder_version=&#8221;4.4.1&#8243; title_font=&#8221;Poppins|600||on|||||&#8221; title_font_size=&#8221;18px&#8221; title_letter_spacing=&#8221;4px&#8221; title_line_height=&#8221;1.8em&#8221; subhead_font=&#8221;Raleway|700|||||||&#8221; subhead_font_size=&#8221;72px&#8221; subhead_line_height=&#8221;1.4em&#8221; background_color=&#8221;rgba(126,190,197,0)&#8221; use_background_color_gradient=&#8221;on&#8221; background_color_gradient_start=&#8221;#35808b&#8221; background_color_gradient_end=&#8221;rgba(53,128,139,0)&#8221; background_color_gradient_direction=&#8221;90deg&#8221; background_color_gradient_start_position=&#8221;25%&#8221; background_color_gradient_end_position=&#8221;75%&#8221; background_color_gradient_overlays_image=&#8221;on&#8221; custom_button_one=&#8221;on&#8221; button_one_text_size=&#8221;14px&#8221; button_one_bg_color=&#8221;#29cb8b&#8221; button_one_border_width=&#8221;12px&#8221; button_one_border_color=&#8221;#29cb8b&#8221; button_one_letter_spacing=&#8221;2px&#8221; button_one_font=&#8221;Poppins|600||on|||||&#8221; button_one_icon=&#8221;%%3%%&#8221; custom_button_two=&#8221;on&#8221; button_two_text_size=&#8221;14px&#8221; button_two_text_color=&#8221;#29cb8b&#8221; button_two_bg_color=&#8221;#ffffff&#8221; button_two_border_width=&#8221;12px&#8221; button_two_border_color=&#8221;#ffffff&#8221; button_two_letter_spacing=&#8221;2px&#8221; button_two_font=&#8221;Poppins|600||on|||||&#8221; button_two_icon=&#8221;%%3%%&#8221; custom_padding=&#8221;10vw||28vw|&#8221; content_font_size_last_edited=&#8221;off|desktop&#8221; subhead_font_size_tablet=&#8221;56px&#8221; subhead_font_size_phone=&#8221;36px&#8221; subhead_font_size_last_edited=&#8221;on|phone&#8221; button_one_letter_spacing_hover=&#8221;2px&#8221; button_two_letter_spacing_hover=&#8221;2px&#8221; button_one_text_size__hover_enabled=&#8221;off&#8221; button_one_text_size__hover=&#8221;null&#8221; button_two_text_size__hover_enabled=&#8221;off&#8221; button_two_text_size__hover=&#8221;null&#8221; button_one_text_color__hover_enabled=&#8221;off&#8221; button_one_text_color__hover=&#8221;null&#8221; button_two_text_color__hover_enabled=&#8221;off&#8221; button_two_text_color__hover=&#8221;null&#8221; button_one_border_width__hover_enabled=&#8221;off&#8221; button_one_border_width__hover=&#8221;null&#8221; button_two_border_width__hover_enabled=&#8221;off&#8221; button_two_border_width__hover=&#8221;null&#8221; button_one_border_color__hover_enabled=&#8221;off&#8221; button_one_border_color__hover=&#8221;null&#8221; button_two_border_color__hover_enabled=&#8221;off&#8221; button_two_border_color__hover=&#8221;null&#8221; button_one_border_radius__hover_enabled=&#8221;off&#8221; button_one_border_radius__hover=&#8221;null&#8221; button_two_border_radius__hover_enabled=&#8221;off&#8221; button_two_border_radius__hover=&#8221;null&#8221; button_one_letter_spacing__hover_enabled=&#8221;on&#8221; button_one_letter_spacing__hover=&#8221;2px&#8221; button_two_letter_spacing__hover_enabled=&#8221;on&#8221; button_two_letter_spacing__hover=&#8221;2px&#8221; button_one_bg_color__hover_enabled=&#8221;off&#8221; button_one_bg_color__hover=&#8221;null&#8221; button_two_bg_color__hover_enabled=&#8221;off&#8221; button_two_bg_color__hover=&#8221;null&#8221;][\/et_pb_fullwidth_header][\/et_pb_section][et_pb_section fb_built=&#8221;1&#8243; _builder_version=&#8221;3.22&#8243; custom_margin=&#8221;||50px||false&#8221; custom_margin_tablet=&#8221;&#8221; custom_margin_phone=&#8221;||0px|&#8221; custom_margin_last_edited=&#8221;on|phone&#8221; custom_padding=&#8221;0px||0||false|false&#8221;][et_pb_row _builder_version=&#8221;3.25&#8243; width=&#8221;100%&#8221; max_width=&#8221;100%&#8221; custom_margin=&#8221;|||&#8221; custom_padding=&#8221;0|0px||0px|false|false&#8221; use_custom_width=&#8221;on&#8221; width_unit=&#8221;off&#8221; custom_width_percent=&#8221;100%&#8221;][et_pb_column type=&#8221;4_4&#8243; _builder_version=&#8221;3.25&#8243; custom_padding=&#8221;|||&#8221; custom_padding__hover=&#8221;|||&#8221;][et_pb_text _builder_version=&#8221;3.27.4&#8243; text_font=&#8221;Raleway|800|||||||&#8221; text_font_size=&#8221;27vw&#8221; text_line_height=&#8221;0.8em&#8221; header_font=&#8221;||||||||&#8221; background_layout=&#8221;dark&#8221; custom_margin=&#8221;-14vw|||-2%&#8221; animation_style=&#8221;slide&#8221; animation_direction=&#8221;bottom&#8221; animation_intensity_slide=&#8221;5%&#8221; animation_starting_opacity=&#8221;100%&#8221; text_font_size_tablet=&#8221;&#8221; text_font_size_phone=&#8221;&#8221; text_font_size_last_edited=&#8221;on|tablet&#8221;]rozw\u00f3j<br \/>\n[\/et_pb_text][\/et_pb_column][\/et_pb_row][et_pb_row _builder_version=&#8221;3.25&#8243;][et_pb_column type=&#8221;4_4&#8243; _builder_version=&#8221;3.25&#8243; custom_padding=&#8221;|||&#8221; custom_padding__hover=&#8221;|||&#8221;][et_pb_image src=&#8221;https:\/\/zkf.akademiarac.edu.pl\/wp-content\/uploads\/2020\/03\/FE_POWER_poziom_pl-1_rgb-scaled.jpg&#8221; align=&#8221;center&#8221; align_tablet=&#8221;center&#8221; align_phone=&#8221;&#8221; align_last_edited=&#8221;on|desktop&#8221; _builder_version=&#8221;4.4.9&#8243; hover_enabled=&#8221;0&#8243; alt=&#8221;Zastawienie trzech znak\u00f3w graficznych. od lewej niebieski przechylony pionowy prostok\u0105t z trzema gwiazdami. Obok dopisek Fundusze Europejskie Wiedza Edukacja Rozw\u00f3j, kolejno flaga Rzeczpospolitej Polskiej z podpisem Rzeczpospolita Polska, nast\u0119pnie tekst Unia Europejska Europejski Fundusz Spo\u0142eczny oraz flaga Unii.&#8221; title_text=&#8221;Zastawienie trzech znak\u00f3w graficznych. od lewej niebieski przechylony pionowy prostok\u0105t z trzema gwiazdami. Obok dopisek Fundusze Europejskie Wiedza Edukacja Rozw\u00f3j, kolejno flaga Rzeczpospolitej Polskiej z podpisem Rzeczpospolita Polska, nast\u0119pnie tekst Unia Europejska Europejski Fundusz Spo\u0142eczny oraz flaga Unii.&#8221;]&nbsp;<br \/>\n[\/et_pb_image][\/et_pb_column][\/et_pb_row][\/et_pb_section][et_pb_section fb_built=&#8221;1&#8243; admin_label=&#8221;Welcome Section&#8221; _builder_version=&#8221;3.22&#8243; custom_padding=&#8221;10px||120px|&#8221;][et_pb_row _builder_version=&#8221;3.25&#8243; custom_padding=&#8221;0|0px|27px|0px|false|false&#8221;][et_pb_column type=&#8221;4_4&#8243; _builder_version=&#8221;3.25&#8243; custom_padding=&#8221;|||&#8221; custom_padding__hover=&#8221;|||&#8221;][et_pb_text _builder_version=&#8221;3.27.4&#8243; text_font=&#8221;Raleway||||||||&#8221; text_font_size=&#8221;32px&#8221; text_line_height=&#8221;1.6em&#8221; text_orientation=&#8221;center&#8221; max_width=&#8221;900px&#8221; module_alignment=&#8221;center&#8221; text_font_size_tablet=&#8221;&#8221; text_font_size_phone=&#8221;24px&#8221; text_font_size_last_edited=&#8221;on|phone&#8221;]<\/p>\n<h1 class=\"et_pb_module_header\"><strong>ZARZ\u0104DZANIE I KOMPETENCJE FILARAMI ZINTEGROWANEGO PROGRAMU ROZWOJU<\/strong><\/h1>\n<p style=\"text-align: center;\"><span>Projekt wsp\u00f3\u0142finansowany przez Uni\u0119 Europejsk\u0105 ze \u015brodk\u00f3w Europejskiego Funduszu Spo\u0142ecznego w ramach Programu Wiedza Edukacja Rozw\u00f3j 2014 \u2013 2020.<\/span><br \/><span>Projekt jest realizowany w ramach konkursu Narodowego Centrum Bada\u0144 i Rozwoju: Program Operacyjny Wiedza Edukacja Rozw\u00f3j, o\u015b priorytetowa III: Szkolnictwo wy\u017csze dla gospodarki i rozwoju, dzia\u0142anie 3.5: Kompleksowe programy szk\u00f3\u0142 wy\u017cszych.<\/span><\/p>\n<p>[\/et_pb_text][\/et_pb_column][\/et_pb_row][\/et_pb_section][et_pb_section fb_built=&#8221;1&#8243; _builder_version=&#8221;4.4.1&#8243; use_background_color_gradient=&#8221;on&#8221; background_color_gradient_start=&#8221;#35808b&#8221; background_color_gradient_end=&#8221;#009e93&#8243; custom_padding=&#8221;80px|||||&#8221;][et_pb_row module_class=&#8221; et_pb_row_fullwidth&#8221; _builder_version=&#8221;3.25&#8243; width=&#8221;89%&#8221; width_tablet=&#8221;80%&#8221; width_phone=&#8221;&#8221; width_last_edited=&#8221;on|desktop&#8221; max_width=&#8221;89%&#8221; max_width_tablet=&#8221;80%&#8221; max_width_phone=&#8221;&#8221; max_width_last_edited=&#8221;on|desktop&#8221; make_fullwidth=&#8221;on&#8221;][et_pb_column type=&#8221;4_4&#8243; _builder_version=&#8221;3.25&#8243; custom_padding=&#8221;|||&#8221; custom_padding__hover=&#8221;|||&#8221;][et_pb_text _builder_version=&#8221;3.27.4&#8243; text_text_color=&#8221;#ffffff&#8221; text_font_size=&#8221;27px&#8221; text_line_height=&#8221;1.8em&#8221;]<\/p>\n<p style=\"text-align: center;\"><strong>Projekt realizowany przez Pa\u0144stwow\u0105 Wy\u017csz\u0105 Szko\u0142\u0119 Zawodow\u0105 w Raciborzu<\/strong><\/p>\n<p>Cele projektu:<\/p>\n<ul>\n<li><span>podnoszenie kompetencji student\u00f3w PWSZ w Raciborzu<\/span><\/li>\n<li><span>wspieranie procesu zarz\u0105dzania w PWSZ w Raciborzu<\/span><\/li>\n<\/ul>\n<p>[\/et_pb_text][\/et_pb_column][\/et_pb_row][et_pb_row column_structure=&#8221;1_2,1_2&#8243; _builder_version=&#8221;3.25&#8243; background_size=&#8221;initial&#8221; background_position=&#8221;top_left&#8221; background_repeat=&#8221;repeat&#8221;][et_pb_column type=&#8221;1_2&#8243; _builder_version=&#8221;3.25&#8243; custom_padding=&#8221;|||&#8221; custom_padding__hover=&#8221;|||&#8221;][et_pb_text _builder_version=&#8221;4.4.9&#8243; text_font_size=&#8221;18px&#8221; header_font_size=&#8221;60px&#8221; header_text_shadow_style=&#8221;preset4&#8243;]<\/p>\n<h1 style=\"text-align: center;\"><span style=\"color: #ffffff;\"><strong>6 251 308,87\u00a0<br \/> <\/strong><\/span><\/h1>\n<p style=\"text-align: center;\"><span style=\"color: #ffffff;\"><strong>WARTO\u015a\u0106 PROJEKTU<\/strong><\/span><\/p>\n<p>[\/et_pb_text][\/et_pb_column][et_pb_column type=&#8221;1_2&#8243; _builder_version=&#8221;3.25&#8243; custom_padding=&#8221;|||&#8221; custom_padding__hover=&#8221;|||&#8221;][et_pb_text _builder_version=&#8221;4.4.9&#8243; text_font_size=&#8221;18px&#8221; header_font_size=&#8221;60px&#8221; animation_style=&#8221;flip&#8221; header_text_shadow_style=&#8221;preset4&#8243;]<\/p>\n<h1 style=\"text-align: center;\"><span style=\"color: #ffffff;\"><strong>6 063 768,87<br \/> <\/strong><\/span><\/h1>\n<p style=\"text-align: center;\"><span style=\"color: #ffffff;\"><strong>DOFINANSOWANIE PROJEKTU<\/strong><\/span><\/p>\n<p>[\/et_pb_text][\/et_pb_column][\/et_pb_row][\/et_pb_section][et_pb_section fb_built=&#8221;1&#8243; admin_label=&#8221;History Section&#8221; _builder_version=&#8221;4.4.1&#8243; background_color=&#8221;#35808b&#8221; max_width=&#8221;96%&#8221; module_alignment=&#8221;right&#8221; custom_margin=&#8221;||50px|&#8221; custom_padding=&#8221;0px||0px||true&#8221; border_color_all=&#8221;#000dff&#8221;][et_pb_row column_structure=&#8221;2_3,1_3&#8243; module_class=&#8221; et_pb_row_fullwidth&#8221; _builder_version=&#8221;4.4.1&#8243; width=&#8221;89%&#8221; width_tablet=&#8221;80%&#8221; width_phone=&#8221;&#8221; width_last_edited=&#8221;on|desktop&#8221; max_width=&#8221;89%&#8221; max_width_tablet=&#8221;80%&#8221; max_width_phone=&#8221;&#8221; max_width_last_edited=&#8221;on|desktop&#8221; custom_padding=&#8221;|||&#8221; make_fullwidth=&#8221;on&#8221;][et_pb_column type=&#8221;2_3&#8243; _builder_version=&#8221;3.25&#8243; custom_padding=&#8221;0%||0%|&#8221; custom_padding__hover=&#8221;|||&#8221;][et_pb_text _builder_version=&#8221;3.27.4&#8243; text_font=&#8221;Poppins|700|||||||&#8221; text_font_size=&#8221;40vw&#8221; text_line_height=&#8221;0.6em&#8221; header_font=&#8221;||||||||&#8221; text_orientation=&#8221;center&#8221; background_layout=&#8221;dark&#8221; custom_margin=&#8221;|||&#8221; animation_style=&#8221;slide&#8221; animation_direction=&#8221;left&#8221; animation_intensity_slide=&#8221;5%&#8221; animation_starting_opacity=&#8221;100%&#8221; text_font_size_tablet=&#8221;550px&#8221; text_font_size_phone=&#8221;360px&#8221; text_font_size_last_edited=&#8221;off|desktop&#8221;]<\/p>\n<p>12<\/p>\n<p>[\/et_pb_text][\/et_pb_column][et_pb_column type=&#8221;1_3&#8243; _builder_version=&#8221;3.25&#8243; custom_padding=&#8221;3%||40px|&#8221; custom_padding__hover=&#8221;|||&#8221;][et_pb_text _builder_version=&#8221;3.27.4&#8243; text_font=&#8221;||||||||&#8221; header_font=&#8221;||||||||&#8221; header_2_font=&#8221;Raleway|700|||||||&#8221; header_2_font_size=&#8221;46px&#8221; header_2_line_height=&#8221;1.4em&#8221; background_layout=&#8221;dark&#8221; max_width=&#8221;600px&#8221; module_alignment=&#8221;right&#8221; custom_margin=&#8221;||20px|&#8221; animation_style=&#8221;slide&#8221; animation_direction=&#8221;left&#8221; animation_intensity_slide=&#8221;20%&#8221; header_2_font_size_tablet=&#8221;36px&#8221; header_2_font_size_phone=&#8221;&#8221; header_2_font_size_last_edited=&#8221;on|phone&#8221; locked=&#8221;off&#8221;]<\/p>\n<h2><span>form wsparcia dla student\u00f3w w postaci kurs\u00f3w kwalifikacyjnych, szkole\u0144 specjalistycznych podnosz\u0105cych kompetencje i kwalifikacje<\/span><\/h2>\n<p>[\/et_pb_text][\/et_pb_column][\/et_pb_row][\/et_pb_section][et_pb_section fb_built=&#8221;1&#8243; _builder_version=&#8221;3.22&#8243; background_color=&#8221;#f1f5f9&#8243; max_width=&#8221;96%&#8221; module_alignment=&#8221;right&#8221; custom_margin=&#8221;||100px|&#8221; custom_padding=&#8221;80px||0px||false|false&#8221;][et_pb_row _builder_version=&#8221;3.25&#8243; custom_padding=&#8221;|||&#8221; locked=&#8221;off&#8221;][et_pb_column type=&#8221;4_4&#8243; _builder_version=&#8221;3.25&#8243; custom_padding=&#8221;|||&#8221; custom_padding__hover=&#8221;|||&#8221;][et_pb_text _builder_version=&#8221;3.27.4&#8243; ul_font=&#8221;||||||||&#8221; ol_font=&#8221;||||||||&#8221; header_font=&#8221;||||||||&#8221; header_2_font=&#8221;Raleway|700|||||||&#8221; header_2_font_size=&#8221;56px&#8221; header_2_line_height=&#8221;1.2em&#8221; custom_margin=&#8221;||20px|&#8221; header_2_font_size_tablet=&#8221;36px&#8221; header_2_font_size_phone=&#8221;&#8221; header_2_font_size_last_edited=&#8221;on|phone&#8221;]<\/p>\n<h2>Blog<\/h2>\n<p>[\/et_pb_text][et_pb_divider color=&#8221;#29cb8b&#8221; divider_weight=&#8221;3px&#8221; _builder_version=&#8221;3.2&#8243; max_width=&#8221;50px&#8221;]&nbsp;<br \/>\n[\/et_pb_divider][\/et_pb_column][\/et_pb_row][et_pb_row _builder_version=&#8221;3.25&#8243;][et_pb_column type=&#8221;4_4&#8243; _builder_version=&#8221;3.25&#8243; custom_padding=&#8221;|||&#8221; custom_padding__hover=&#8221;|||&#8221;][et_pb_blog posts_number=&#8221;1&#8243; include_categories=&#8221;36&#8243; show_thumbnail=&#8221;off&#8221; show_pagination=&#8221;off&#8221; _builder_version=&#8221;3.19.4&#8243;]&nbsp;<br \/>\n[\/et_pb_blog][et_pb_blog _builder_version=&#8221;3.6&#8243;]&nbsp;<br \/>\n[\/et_pb_blog][et_pb_divider _builder_version=&#8221;3.17.2&#8243;][\/et_pb_divider][et_pb_text _builder_version=&#8221;3.27.4&#8243;]<\/p>\n<p style=\"text-align: center;\">[add_eventon]<\/p>\n<p>[\/et_pb_text][\/et_pb_column][\/et_pb_row][et_pb_row _builder_version=&#8221;3.25&#8243; width=&#8221;100%&#8221; max_width=&#8221;100%&#8221; custom_margin=&#8221;5%|||&#8221; custom_padding=&#8221;0|0px||0px|false|false&#8221; use_custom_width=&#8221;on&#8221; width_unit=&#8221;off&#8221; custom_width_percent=&#8221;100%&#8221;][et_pb_column type=&#8221;4_4&#8243; _builder_version=&#8221;3.25&#8243; custom_padding=&#8221;|||&#8221; custom_padding__hover=&#8221;|||&#8221;][et_pb_text _builder_version=&#8221;3.27.4&#8243; text_font=&#8221;Raleway|800|||||||&#8221; text_font_size=&#8221;22vw&#8221; text_line_height=&#8221;0.8em&#8221; header_font=&#8221;||||||||&#8221; text_orientation=&#8221;right&#8221; background_layout=&#8221;dark&#8221; custom_margin=&#8221;||-5.5vw|&#8221; custom_margin_tablet=&#8221;&#8221; custom_margin_phone=&#8221;||-8vw|&#8221; custom_margin_last_edited=&#8221;on|desktop&#8221; animation_style=&#8221;slide&#8221; animation_direction=&#8221;bottom&#8221; animation_intensity_slide=&#8221;10%&#8221; animation_starting_opacity=&#8221;100%&#8221; text_font_size_tablet=&#8221;&#8221; text_font_size_phone=&#8221;&#8221; text_font_size_last_edited=&#8221;on|tablet&#8221;]PWSZ<br \/>\n[\/et_pb_text][\/et_pb_column][\/et_pb_row][\/et_pb_section][et_pb_section fb_built=&#8221;1&#8243; admin_label=&#8221;Footer&#8221; _builder_version=&#8221;3.6&#8243; custom_padding=&#8221;0||0||true|false&#8221; global_module=&#8221;93&#8243; saved_tabs=&#8221;all&#8221;][et_pb_row column_structure=&#8221;1_2,1_2&#8243; _builder_version=&#8221;3.25&#8243;][et_pb_column type=&#8221;1_2&#8243; _builder_version=&#8221;3.25&#8243; custom_padding=&#8221;|||&#8221; custom_padding__hover=&#8221;|||&#8221;][et_pb_image src=&#8221;https:\/\/zkf.akademiarac.edu.pl\/wp-content\/uploads\/2020\/03\/logo.png&#8221; _builder_version=&#8221;4.4.1&#8243; max_width=&#8221;61%&#8221; custom_margin=&#8221;||15px|&#8221; always_center_on_mobile=&#8221;off&#8221;]<\/p>\n<p>\u00a0<\/p>\n<p>[\/et_pb_image][\/et_pb_column][et_pb_column type=&#8221;1_2&#8243; _builder_version=&#8221;3.25&#8243; custom_padding=&#8221;|||&#8221; custom_padding__hover=&#8221;|||&#8221;][\/et_pb_column][\/et_pb_row][et_pb_row column_structure=&#8221;1_2,1_2&#8243; _builder_version=&#8221;3.25&#8243;][et_pb_column type=&#8221;1_2&#8243; _builder_version=&#8221;3.25&#8243; custom_padding=&#8221;|||&#8221; custom_padding__hover=&#8221;|||&#8221;][et_pb_text _builder_version=&#8221;3.27.4&#8243; header_font=&#8221;||||||||&#8221; header_4_font=&#8221;Raleway|700|||||||&#8221; header_4_font_size=&#8221;22px&#8221; header_4_line_height=&#8221;1.4em&#8221; custom_margin=&#8221;||10px|&#8221;]<\/p>\n<h4>Biuro projektu<\/h4>\n<p>[\/et_pb_text][et_pb_text _builder_version=&#8221;3.27.4&#8243; text_font=&#8221;Poppins||||||||&#8221; text_font_size=&#8221;16px&#8221; text_line_height=&#8221;1.6em&#8221;]<\/p>\n<p>Pa\u0144stwowa Wy\u017csza Szko\u0142a Zawodowa w Raciborzu<\/p>\n<p>ul. S\u0142owackiego 55,<\/p>\n<p>47-400 Racib\u00f3rz<\/p>\n<p>[\/et_pb_text][\/et_pb_column][et_pb_column type=&#8221;1_2&#8243; _builder_version=&#8221;3.25&#8243; custom_padding=&#8221;|||&#8221; custom_padding__hover=&#8221;|||&#8221;][et_pb_text _builder_version=&#8221;3.27.4&#8243; header_font=&#8221;||||||||&#8221; header_4_font=&#8221;Raleway|700|||||||&#8221; header_4_font_size=&#8221;22px&#8221; header_4_line_height=&#8221;1.4em&#8221; custom_margin=&#8221;||10px|&#8221;]<\/p>\n<h4>Kontakt<\/h4>\n<p>[\/et_pb_text][et_pb_text ul_type=&#8221;none&#8221; ul_item_indent=&#8221;1px&#8221; _builder_version=&#8221;3.27.4&#8243; text_font=&#8221;||||||||&#8221; ul_font=&#8221;Poppins||||||||&#8221; ul_font_size=&#8221;16px&#8221; ul_line_height=&#8221;2em&#8221;]<\/p>\n<ul>\n<li><a href=\"mailto:biuro@zintegrowanyprojekt.pl\">zkf@pwszrac.pl <\/a><\/li>\n<\/ul>\n<p>tel. 32 415 50 20<\/p>\n<p>[\/et_pb_text][\/et_pb_column][\/et_pb_row][\/et_pb_section]<\/p>\n","protected":false},"excerpt":{"rendered":"<p>rozw\u00f3j &nbsp; ZARZ\u0104DZANIE I KOMPETENCJE FILARAMI ZINTEGROWANEGO PROGRAMU ROZWOJU Projekt wsp\u00f3\u0142finansowany przez Uni\u0119 Europejsk\u0105 ze \u015brodk\u00f3w Europejskiego Funduszu Spo\u0142ecznego w ramach Programu Wiedza Edukacja Rozw\u00f3j 2014 \u2013 2020.Projekt jest realizowany w ramach konkursu Narodowego Centrum Bada\u0144 i Rozwoju: Program Operacyjny Wiedza Edukacja Rozw\u00f3j, o\u015b priorytetowa III: Szkolnictwo wy\u017csze dla gospodarki i rozwoju, dzia\u0142anie 3.5: Kompleksowe [&hellip;]<\/p>\n","protected":false},"author":1,"featured_media":0,"parent":0,"menu_order":0,"comment_status":"closed","ping_status":"closed","template":"","meta":{"_et_pb_use_builder":"on","_et_pb_old_content":"","_et_gb_content_width":""},"_links":{"self":[{"href":"https:\/\/zkf.akademiarac.edu.pl\/index.php\/wp-json\/wp\/v2\/pages\/147"}],"collection":[{"href":"https:\/\/zkf.akademiarac.edu.pl\/index.php\/wp-json\/wp\/v2\/pages"}],"about":[{"href":"https:\/\/zkf.akademiarac.edu.pl\/index.php\/wp-json\/wp\/v2\/types\/page"}],"author":[{"embeddable":true,"href":"https:\/\/zkf.akademiarac.edu.pl\/index.php\/wp-json\/wp\/v2\/users\/1"}],"replies":[{"embeddable":true,"href":"https:\/\/zkf.akademiarac.edu.pl\/index.php\/wp-json\/wp\/v2\/comments?post=147"}],"version-history":[{"count":12,"href":"https:\/\/zkf.akademiarac.edu.pl\/index.php\/wp-json\/wp\/v2\/pages\/147\/revisions"}],"predecessor-version":[{"id":1181,"href":"https:\/\/zkf.akademiarac.edu.pl\/index.php\/wp-json\/wp\/v2\/pages\/147\/revisions\/1181"}],"wp:attachment":[{"href":"https:\/\/zkf.akademiarac.edu.pl\/index.php\/wp-json\/wp\/v2\/media?parent=147"}],"curies":[{"name":"wp","href":"https:\/\/api.w.org\/{rel}","templated":true}]}}