{"id":1257,"date":"2022-08-16T14:50:22","date_gmt":"2022-08-16T12:50:22","guid":{"rendered":"https:\/\/zkf.akademiarac.edu.pl\/?page_id=1257"},"modified":"2025-04-02T09:42:31","modified_gmt":"2025-04-02T07:42:31","slug":"deklaracja-dostepnosci","status":"publish","type":"page","link":"https:\/\/zkf.akademiarac.edu.pl\/index.php\/deklaracja-dostepnosci\/","title":{"rendered":"Deklaracja dost\u0119pno\u015bci"},"content":{"rendered":"\n<p><a href=\"https:\/\/zkf.akademiarac.edu.pl\/wp-admin\/edit.php?post_type=page\"><\/a><\/p>\n\n\n\n<h1>Deklaracja dost\u0119pno\u015bci<\/h1><section id=\"a11y-wstep\">\n<p><span id=\"a11y-podmiot\">Akademia Nauk Stosowanych w Raciborzu<\/span>  zobowi\u0105zuje si\u0119 zapewni\u0107 dost\u0119pno\u015b\u0107 swojej <span id=\"a11y-zakres\">strony internetowej<\/span> zgodnie z ustaw\u0105 z dnia 4 kwietnia 2019 r. o dost\u0119pno\u015bci cyfrowej stron internetowych i aplikacji mobilnych podmiot\u00f3w publicznych.<\/p>\n<p>Deklaracja dost\u0119pno\u015bci dotyczy strony  <a href=\"https:\/\/zkf.akademiarac.edu.pl\/\" id=\"a11y-url\" target=\"_blank\" rel=\"noopener\">https:\/\/zkf.akademiarac.edu.pl\/<\/a>.<\/p>\n<\/section><section>\n<ul>\n<li>Data publikacji strony internetowej: <time id=\"a11y-data-publikacja\" datetime=\"2019-04-09\">9 kwietnia 2019 r.<\/time><\/li>\n<li>Data ostatniej istotnej aktualizacji: <time id=\"a11y-data-aktualizacja\" datetime=\"2019-04-09\">9 kwietnia 2019 r.<\/time><\/li>\n<\/ul>\n<\/section><section>\n<h2>Stan dost\u0119pno\u015bci cyfrowej<\/h2>\n<p id=\"a11y-status\">Ta strona internetowa jest cz\u0119\u015bciowo zgodna z za\u0142\u0105cznikiem do ustawy o dost\u0119pno\u015bci cyfrowej z dnia 4 kwietnia 2019 r. o dost\u0119pno\u015bci cyfrowej stron internetowych i aplikacji mobilnych podmiot\u00f3w publicznych z powodu [niezgodno\u015bci i wy\u0142\u0105cze\u0144] wymienionych poni\u017cej.<\/p>\n<\/section><section>\n<h2>Niedost\u0119pne tre\u015bci<\/h2>\n<section>\n<h3>Niezgodno\u015b\u0107 z za\u0142\u0105cznikiem<\/h3>\n<ul>\n<li>\n            W serwisie wyst\u0119puj\u0105 tre\u015bci nietekstowe, kt\u00f3re posiadaj\u0105 niejasny opis alternatywny.\n        <\/li>\n\t\t<li>\n            W serwisie cz\u0119\u015b\u0107 tre\u015bci ma zbyt niski kontrast.\n        <\/li>\n        <li>\n            U\u017cytkownik nie jest informowany o tym, \u017ce dany link otworzy si\u0119 w nowym oknie.\n        <\/li>\n        <li>\n            Strona nie przechodzi walidacji HTML\/CSS: https:\/\/validator.w3.org\/nu\/\n        <\/li>\n        <li>\n            W serwisie wyst\u0119puj\u0105 elementy bez zdefiniowanej nazwy.\t\t\t\n        <\/li>\n<\/ul>\n<\/section>\n<\/section><section>\n<h2>Przygotowanie deklaracji dost\u0119pno\u015bci<\/h2>\n<ul>\n<li>Data sporz\u0105dzenia deklaracji: <time id=\"a11y-data-sporzadzenie\" datetime=\"2021-03-31\">31 marca 2021 r.<\/time><\/li>\n<li>Data ostatniego przegl\u0105du deklaracji: <time id=\"a11y-data-przeglad\" datetime=\"2025-03-28\">28 marca 2025 r.<\/time><\/li>\n<\/ul>\n<p>Deklaracj\u0119 sporz\u0105dzono na podstawie oceny podmiotu zewn\u0119trznego przeprowadzonej przez <span id=\"a11y-audytor\">Fundacja Instytut Rozwoju Regionalnego<\/span>.<\/p>\n<\/section><section>\n<h2>Informacje zwrotne i dane kontaktowe<\/h2>\n<p>Za rozpatrywanie uwag i wniosk\u00f3w odpowiada: <span id=\"a11y-osoba\">Kamil Szypu\u0142a<\/span>.<br\/>\nE-mail:  <a href=\"mailto:kamil.szypula@akademiarac.edu.pl\">kamil.szypula@akademiarac.edu.pl<\/a> <br\/>\nTelefon:<a id=\"a11y-telefon\" href=\"tel:324155020wew.135\">32 415 50 20 wew. 135<\/a>.<\/p>\n<p>Ka\u017cdy ma prawo wyst\u0105pi\u0107 z \u017c\u0105daniem zapewnienia dost\u0119pno\u015bci cyfrowej tej strony internetowej lub jej element\u00f3w.<\/p>\n<p>Zg\u0142aszaj\u0105c takie \u017c\u0105danie podaj:<\/p>\n<ul>\n<li>swoje imi\u0119 i nazwisko,<\/li>\n<li>swoje dane kontaktowe (np. numer telefonu, e-mail),<\/li>\n<li>dok\u0142adny adres strony internetowej, na kt\u00f3rej jest niedost\u0119pny cyfrowo element lub tre\u015b\u0107,<\/li>\n<li>opis na czym polega problem i jaki spos\u00f3b jego rozwi\u0105zania by\u0142by dla Ciebie najwygodniejszy.<\/li>\n<\/ul>\n<p>Na Twoje zg\u0142oszenie odpowiemy najszybciej jak to mo\u017cliwe, nie p\u00f3\u017aniej ni\u017c w ci\u0105gu 7 dni od jego otrzymania.<\/p>\n<p>Je\u017celi ten termin b\u0119dzie dla nas zbyt kr\u00f3tki poinformujemy Ci\u0119 o tym. W tej informacji podamy nowy termin, do kt\u00f3rego poprawimy zg\u0142oszone przez Ciebie b\u0142\u0119dy lub przygotujemy informacje w alternatywny spos\u00f3b. Ten nowy termin nie b\u0119dzie d\u0142u\u017cszy ni\u017c 2 miesi\u0105ce.<\/p>\n<p>Je\u017celi nie b\u0119dziemy w stanie zapewni\u0107 dost\u0119pno\u015bci cyfrowej strony internetowej lub tre\u015bci, wskazanej w Twoim \u017c\u0105daniu, zaproponujemy Ci dost\u0119p do nich w alternatywny spos\u00f3b.<\/p>\n<\/section><section id=\"a11y-procedura\">\n<h2>Obs\u0142uga wniosk\u00f3w i skarg zwi\u0105zanych z dost\u0119pno\u015bci\u0105<\/h2>\n<p>Je\u017celi w odpowiedzi na Tw\u00f3j wniosek o zapewnienie dost\u0119pno\u015bci cyfrowej, odm\u00f3wimy zapewnienia \u017c\u0105danej przez Ciebie dost\u0119pno\u015bci cyfrowej, a Ty nie zgadzasz si\u0119 z t\u0105 odmow\u0105, masz prawo z\u0142o\u017cy\u0107 skarg\u0119.<\/p>\n<p>Skarg\u0119 masz prawo z\u0142o\u017cy\u0107 tak\u017ce, je\u015bli nie zgadzasz si\u0119 na skorzystanie z alternatywnego sposobu dost\u0119pu, kt\u00f3ry zaproponowali\u015bmy Ci w odpowiedzi na Tw\u00f3j wniosek o zapewnienie dost\u0119pno\u015bci cyfrowej.<\/p>\n<p>Ewentualn\u0105 skarg\u0119 z\u0142\u00f3\u017c listownie lub mailem do kierownictwa naszego urz\u0119du:<\/p>\n<ul>\n<li><span id=\"a11y-procedura-kierownik\">Rektor Akademii Nauk Stosowanych w Raciborzu<\/span>,<\/li>\n<li>Adres: <span id=\"a11y-procedura-adres\">ul. Akademicka 1, 47-400 Racib\u00f3rz<\/span>,<\/li>\n<li>E-mail: <a id=\"a11y-procedura-email\" href=\"mailto:rektorat@akademiarac.edu.pl\">rektorat@akademiarac.edu.pl<\/a>.<\/li>\n<\/ul>\n<p><a href=\"https:\/\/www.gov.pl\/web\/gov\/zloz-wniosek-o-zapewnienie-dostepnosci-cyfrowej-strony-internetowej-lub-aplikacji-mobilnej\">Pomocne mog\u0105 by\u0107 informacje, kt\u00f3re mo\u017cna znale\u017a\u0107 na rz\u0105dowym portalu gov.pl<\/a>.<\/p>\n<p>Mo\u017cesz tak\u017ce poinformowa\u0107 o tej sytuacji <a href=\"https:\/\/bip.brpo.gov.pl\/\">Rzecznika Praw Obywatelskich<\/a> i poprosi\u0107 o interwencj\u0119 w Twojej sprawie.<\/p>\n<\/section><section>\n<h2>Pozosta\u0142e informacje<\/h2>\n<section id=\"a11y-architektura\">\n<h3>Dost\u0119pno\u015b\u0107 architektoniczna<\/h3>\n<p>Liczba budynk\u00f3w, w kt\u00f3rych podmiot prowadzi podstawow\u0105 dzia\u0142alno\u015b\u0107 i wynosi 7.<\/p>\n<h3><strong>1. Komunikacja<\/strong><br \/><br \/>Budynek dydaktyczny A i B ul. Akademicka 1<\/h3>\n<ul>\n<ul>\n<li>Platforma zewn\u0119trzna<\/li>\n<\/ul>\n<\/ul>\n<h4>Budynek dydaktyczny A ul. Akademicka 1<\/h4>\n<ul>\n<ul>\n<li>Biuro Obs\u0142ugi Os\u00f3b z Niepe\u0142nosprawno\u015bciami (BON) \u2013 parter budynku<\/li>\n<li>W\u00f3zek inwalidzki z nap\u0119dem elektrycznym (Biuro Obs\u0142ugi Os\u00f3b z Niepe\u0142nosprawno\u015bciami)<\/li>\n<li>Terenowy podjazd dla os\u00f3b z niepe\u0142nosprawno\u015bci\u0105 ruchow\u0105 od strony skweru.<\/li>\n<li>Schodo\u0142az urz\u0105dzenie mobilne do wykorzystania.<\/li>\n<li>D\u017awig osobowy wewn\u0119trzny dostosowany dla os\u00f3b z niepe\u0142nosprawno\u015bci\u0105 wzroku i s\u0142uchu.<\/li>\n<li>System nawigacyjno-informacyjny ToTuPoint z komunikatami g\u0142osowymi i wizualnymi na telefony kom\u00f3rkowe.<\/li>\n<li>Sala wyk\u0142adowa z p\u0119tl\u0105 indukcyjn\u0105 217<\/li>\n<li>[usprawnienie w bibliotece]<\/li>\n<li>Usprawnienie w postaci systemu MIGAM<\/li>\n<li>Oznaczenia pomieszcze\u0144 za pomoc\u0105 liter i cyfr przestrzennych<\/li>\n<\/ul>\n<\/ul>\n<h4>Budynek dydaktyczny B ul. Akademicka 1<\/h4>\n<ul>\n<ul>\n<li>Platforma wewn\u0119trzna\u00a0<\/li>\n<li>System nawigacyjno-informacyjny ToTuPoint z komunikatami g\u0142osowymi i wizualnymi na telefony kom\u00f3rkowe.<\/li>\n<li>Sala wyk\u0142adowa z p\u0119tl\u0105 indukcyjn\u0105 202<\/li>\n<li>Usprawnienie w postaci systemu MIGAM<\/li>\n<li>Oznaczenia pomieszcze\u0144 za pomoc\u0105 liter i cyfr przestrzennych<\/li>\n<\/ul>\n<\/ul>\n<h4>Budynek dydaktyczny ul. \u0141\u0105kowa 31a<\/h4>\n<ul>\n<ul>\n<li>Zewn\u0119trzny podjazd terenowy na poziomie parteru.<\/li>\n<li>Usprawnienie w postaci systemu MIGAM<\/li>\n<\/ul>\n<\/ul>\n<h4>Sala gimnastyczna ul. Akademicka 1<\/h4>\n<ul>\n<ul>\n<li>Sala gimnastyczna dost\u0119pna w poziomie do parteru. Zewn\u0119trzny terenowy podjazd dla os\u00f3b z niepe\u0142nosprawno\u015bci\u0105 ruchow\u0105.<\/li>\n<\/ul>\n<\/ul>\n<h4>Dom Studenta ul. S\u0142owackiego 57<\/h4>\n<ul>\n<ul>\n<li>Platforma zewn\u0119trzna trakcie realizacji, w poziomie z zewn\u0105trz budynku do poziomu parteru.<\/li>\n<li>Usprawnienie w postaci systemu MIGAM<\/li>\n<\/ul>\n<\/ul>\n<h4>Stadion ul. Wyszy\u0144skiego<\/h4>\n<ul>\n<ul>\n<li>W budynku socjalno-dydaktycznym brak dost\u0119pu.<\/li>\n<li>Sam obiekt stadionu w przestrzeni otwartej dost\u0119pny.<\/li>\n<\/ul>\n<\/ul>\n<h3>2.Dost\u0119pno\u015b\u0107 w zakresie punkt\u00f3w sanitarnych<\/h3>\n<h4>Budynek dydaktyczny A ul. Akademicka 1<\/h4>\n<ul>\n<ul>\n<li>Punkt sanitarny na poziomie -1 dost\u0119pny dla os\u00f3b z niepe\u0142nosprawno\u015bci\u0105 ruchow\u0105<\/li>\n<li>Punkt sanitarny na poziomie 0 dost\u0119pny dla os\u00f3b z niepe\u0142nosprawno\u015bci\u0105 ruchow\u0105<\/li>\n<\/ul>\n<\/ul>\n<h4>Budynek dydaktyczny B ul. S\u0142owackiego 55<\/h4>\n<ul>\n<ul>\n<li>Punkt sanitarny na poziomie 0-2 dost\u0119pny dla os\u00f3b z niepe\u0142nosprawno\u015bci\u0105 ruchow\u0105<\/li>\n<\/ul>\n<\/ul>\n<h4>Sala gimnastyczna ul. Akademicka 1<\/h4>\n<ul>\n<ul>\n<li>Punkt sanitarny dost\u0119pny na poziomie 0<\/li>\n<\/ul>\n<\/ul>\n<h4>Dom Studenta ul. S\u0142owackiego 57<\/h4>\n<ul>\n<ul>\n<li>Punkt sanitarny dost\u0119pny na poziomie 0<\/li>\n<\/ul>\n<\/ul>\n<h4>Budynek dydaktyczny ul. \u0141\u0105kowa 31a<\/h4>\n<ul>\n<ul>\n<li>brak dost\u0119pno\u015bci punktu sanitarnego dla os\u00f3b z niepe\u0142nosprawno\u015bci\u0105 ruchow\u0105<\/li>\n<\/ul>\n<\/ul>\n<\/section>\n<section id=\"a11y-komunikacja\">\n<h3>Dost\u0119pno\u015b\u0107 komunikacyjno-informacyjna<\/h3>\n<ul>\n<li>ANS posiada system monitoringu wizyjnego w zakresie komunikowania w budynkach dydaktycznych A, B, Sala gimnastyczna, Dom Studenta, budynek dydaktyczny na ul. \u0141\u0105kowej.<\/li>\n<li>System podnosi bezpiecze\u0144stwo komunikacyjne w trakcie przemieszczania si\u0119 pomi\u0119dzy w\/w obiektami.<\/li>\n<li>Monitoruje wewn\u0119trzne ci\u0105gi komunikacyjne w budynkach oraz zewn\u0119trzne ci\u0105gi komunikacyjne w bezpo\u015brednio przyleg\u0142ych obiektach ANS.<\/li>\n<li>ANS posiada bezpo\u015bredni opis pomieszcze\u0144 w 3D.<\/li>\n<li>ANS nie posiada kompleksowej informacji na temat rozk\u0142adu pomieszcze\u0144.<\/li>\n<li>Jak wnioskowa\u0107 o t\u0142umacza polskiego j\u0119zyka migowego: Nale\u017cy skontaktowa\u0107 si\u0119 z Biurem Obs\u0142ugi Os\u00f3b z Niepe\u0142nosprawno\u015bciami &#8211; https:\/\/akademiarac.edu.pl\/bon\/<\/li>\n<\/ul>\n<\/section>\n<\/section>\n","protected":false},"excerpt":{"rendered":"<p>Deklaracja dost\u0119pno\u015bci Akademia Nauk Stosowanych w Raciborzu zobowi\u0105zuje si\u0119 zapewni\u0107 dost\u0119pno\u015b\u0107 swojej strony internetowej zgodnie z ustaw\u0105 z dnia 4 kwietnia 2019 r. o dost\u0119pno\u015bci cyfrowej stron internetowych i aplikacji mobilnych podmiot\u00f3w publicznych. Deklaracja dost\u0119pno\u015bci dotyczy strony https:\/\/zkf.akademiarac.edu.pl\/. Data publikacji strony internetowej: 9 kwietnia 2019 r. Data ostatniej istotnej aktualizacji: 9 kwietnia 2019 r. Stan [&hellip;]<\/p>\n","protected":false},"author":2,"featured_media":0,"parent":0,"menu_order":0,"comment_status":"closed","ping_status":"closed","template":"","meta":{"_et_pb_use_builder":"off","_et_pb_old_content":"","_et_gb_content_width":""},"_links":{"self":[{"href":"https:\/\/zkf.akademiarac.edu.pl\/index.php\/wp-json\/wp\/v2\/pages\/1257"}],"collection":[{"href":"https:\/\/zkf.akademiarac.edu.pl\/index.php\/wp-json\/wp\/v2\/pages"}],"about":[{"href":"https:\/\/zkf.akademiarac.edu.pl\/index.php\/wp-json\/wp\/v2\/types\/page"}],"author":[{"embeddable":true,"href":"https:\/\/zkf.akademiarac.edu.pl\/index.php\/wp-json\/wp\/v2\/users\/2"}],"replies":[{"embeddable":true,"href":"https:\/\/zkf.akademiarac.edu.pl\/index.php\/wp-json\/wp\/v2\/comments?post=1257"}],"version-history":[{"count":4,"href":"https:\/\/zkf.akademiarac.edu.pl\/index.php\/wp-json\/wp\/v2\/pages\/1257\/revisions"}],"predecessor-version":[{"id":1372,"href":"https:\/\/zkf.akademiarac.edu.pl\/index.php\/wp-json\/wp\/v2\/pages\/1257\/revisions\/1372"}],"wp:attachment":[{"href":"https:\/\/zkf.akademiarac.edu.pl\/index.php\/wp-json\/wp\/v2\/media?parent=1257"}],"curies":[{"name":"wp","href":"https:\/\/api.w.org\/{rel}","templated":true}]}}