{"id":1002,"date":"2020-03-22T19:37:36","date_gmt":"2020-03-22T18:37:36","guid":{"rendered":"https:\/\/zkf.akademiarac.edu.pl\/?page_id=1002"},"modified":"2020-03-22T19:37:43","modified_gmt":"2020-03-22T18:37:43","slug":"kontakt","status":"publish","type":"page","link":"https:\/\/zkf.akademiarac.edu.pl\/index.php\/kontakt\/","title":{"rendered":"Kontakt"},"content":{"rendered":"<p>[et_pb_section fb_built=&#8221;1&#8243; fullwidth=&#8221;on&#8221; admin_label=&#8221;Hero Section&#8221; _builder_version=&#8221;3.22&#8243; background_image=&#8221;https:\/\/zkf.akademiarac.edu.pl\/wp-content\/uploads\/2020\/03\/law-firm-27.jpg&#8221; parallax=&#8221;on&#8221; custom_padding=&#8221;|||&#8221; hover_enabled=&#8221;0&#8243;][et_pb_fullwidth_header title=&#8221;Skontaktuj si\u0119 z nami&#8221; subhead=&#8221;Zarz\u0105dzanie i Kompetencje Filarami Zintegrowanego Programu Rozwoju&#8221; content_max_width=&#8221;900px&#8221; _builder_version=&#8221;4.4.1&#8243; title_font=&#8221;Poppins|600||on|||||&#8221; title_font_size=&#8221;18px&#8221; title_letter_spacing=&#8221;4px&#8221; title_line_height=&#8221;1.8em&#8221; subhead_font=&#8221;Raleway|700|||||||&#8221; subhead_font_size=&#8221;50px&#8221; subhead_line_height=&#8221;1.4em&#8221; background_color=&#8221;rgba(126,190,197,0)&#8221; use_background_color_gradient=&#8221;on&#8221; background_color_gradient_start=&#8221;#35808b&#8221; background_color_gradient_end=&#8221;rgba(53,128,139,0.25)&#8221; background_color_gradient_direction=&#8221;90deg&#8221; background_color_gradient_start_position=&#8221;25%&#8221; background_color_gradient_end_position=&#8221;75%&#8221; background_color_gradient_overlays_image=&#8221;on&#8221; custom_button_one=&#8221;on&#8221; button_one_text_size=&#8221;14px&#8221; button_one_bg_color=&#8221;#29cb8b&#8221; button_one_border_width=&#8221;12px&#8221; button_one_border_color=&#8221;#29cb8b&#8221; button_one_letter_spacing=&#8221;2px&#8221; button_one_font=&#8221;Poppins|600||on|||||&#8221; button_one_icon=&#8221;%%3%%&#8221; custom_button_two=&#8221;on&#8221; button_two_text_size=&#8221;14px&#8221; button_two_text_color=&#8221;#29cb8b&#8221; button_two_bg_color=&#8221;#ffffff&#8221; button_two_border_width=&#8221;12px&#8221; button_two_border_color=&#8221;#ffffff&#8221; button_two_letter_spacing=&#8221;2px&#8221; button_two_font=&#8221;Poppins|600||on|||||&#8221; button_two_icon=&#8221;%%3%%&#8221; custom_padding=&#8221;80px||18vw|&#8221; hover_enabled=&#8221;0&#8243; content_font_size_last_edited=&#8221;off|desktop&#8221; subhead_font_size_tablet=&#8221;40px&#8221; subhead_font_size_phone=&#8221;30px&#8221; subhead_font_size_last_edited=&#8221;on|desktop&#8221; button_one_letter_spacing_hover=&#8221;2px&#8221; button_two_letter_spacing_hover=&#8221;2px&#8221; button_one_text_size__hover_enabled=&#8221;off&#8221; button_two_text_size__hover_enabled=&#8221;off&#8221; button_one_text_color__hover_enabled=&#8221;off&#8221; button_two_text_color__hover_enabled=&#8221;off&#8221; button_one_border_width__hover_enabled=&#8221;off&#8221; button_two_border_width__hover_enabled=&#8221;off&#8221; button_one_border_color__hover_enabled=&#8221;off&#8221; button_two_border_color__hover_enabled=&#8221;off&#8221; button_one_border_radius__hover_enabled=&#8221;off&#8221; button_two_border_radius__hover_enabled=&#8221;off&#8221; button_one_letter_spacing__hover_enabled=&#8221;on&#8221; button_one_letter_spacing__hover=&#8221;2px&#8221; button_two_letter_spacing__hover_enabled=&#8221;on&#8221; button_two_letter_spacing__hover=&#8221;2px&#8221; button_one_bg_color__hover_enabled=&#8221;off&#8221; button_two_bg_color__hover_enabled=&#8221;off&#8221; background_color_gradient_start_preview=&#8221;#35808b&#8221; background_color_gradient_end_preview=&#8221;#35808b&#8221;][\/et_pb_fullwidth_header][\/et_pb_section][et_pb_section fb_built=&#8221;1&#8243; _builder_version=&#8221;3.22&#8243; custom_margin=&#8221;||50px||false&#8221; custom_margin_tablet=&#8221;&#8221; custom_margin_phone=&#8221;||0px|&#8221; custom_margin_last_edited=&#8221;on|phone&#8221; custom_padding=&#8221;0px||0||false|false&#8221;][et_pb_row _builder_version=&#8221;3.25&#8243; width=&#8221;100%&#8221; max_width=&#8221;100%&#8221; custom_margin=&#8221;|||&#8221; custom_padding=&#8221;27px|0px|27px|0px|false|false&#8221; use_custom_width=&#8221;on&#8221; width_unit=&#8221;off&#8221; custom_width_percent=&#8221;100%&#8221;][et_pb_column type=&#8221;4_4&#8243; _builder_version=&#8221;3.25&#8243; custom_padding=&#8221;0px|||&#8221; custom_padding__hover=&#8221;|||&#8221;][et_pb_text _builder_version=&#8221;3.27.4&#8243; text_font=&#8221;Raleway|800|||||||&#8221; text_font_size=&#8221;22vw&#8221; text_line_height=&#8221;0.8em&#8221; header_font=&#8221;||||||||&#8221; background_layout=&#8221;dark&#8221; custom_margin=&#8221;-15vw|||-2%&#8221; custom_margin_tablet=&#8221;-19vw|||&#8221; custom_margin_phone=&#8221;&#8221; custom_margin_last_edited=&#8221;on|tablet&#8221; animation_style=&#8221;slide&#8221; animation_direction=&#8221;bottom&#8221; animation_intensity_slide=&#8221;5%&#8221; animation_starting_opacity=&#8221;100%&#8221; text_font_size_tablet=&#8221;&#8221; text_font_size_phone=&#8221;&#8221; text_font_size_last_edited=&#8221;on|phone&#8221;]Kontakt<br \/>\n[\/et_pb_text][\/et_pb_column][\/et_pb_row][\/et_pb_section][et_pb_section fb_built=&#8221;1&#8243; custom_padding_last_edited=&#8221;off|desktop&#8221; admin_label=&#8221;Information Section&#8221; _builder_version=&#8221;3.22&#8243; max_width=&#8221;96%&#8221; module_alignment=&#8221;right&#8221; custom_padding=&#8221;0|0px|54px|0px|false|false&#8221; custom_padding_tablet=&#8221;||120px|&#8221;][et_pb_row column_structure=&#8221;3_4,1_4&#8243; _builder_version=&#8221;3.25&#8243; custom_padding=&#8221;0|0px|27px|0px|false|false&#8221; animation_style=&#8221;slide&#8221; animation_direction=&#8221;right&#8221; animation_intensity_slide=&#8221;1%&#8221; locked=&#8221;off&#8221;][et_pb_column type=&#8221;3_4&#8243; _builder_version=&#8221;3.25&#8243; custom_padding=&#8221;|||&#8221; custom_padding__hover=&#8221;|||&#8221;][et_pb_text _builder_version=&#8221;3.27.4&#8243; text_font=&#8221;||||||||&#8221; header_font=&#8221;||||||||&#8221; header_2_font=&#8221;Raleway|700|||||||&#8221; header_2_font_size=&#8221;56px&#8221; header_2_line_height=&#8221;1.2em&#8221; custom_margin=&#8221;||20px|&#8221; header_2_font_size_tablet=&#8221;36px&#8221; header_2_font_size_phone=&#8221;&#8221; header_2_font_size_last_edited=&#8221;on|phone&#8221;]<\/p>\n<h2>Je\u015bli masz pytania dotycz\u0105ce programu prosimy o korespondencj\u0119:<\/h2>\n<p>[\/et_pb_text][et_pb_divider color=&#8221;#29cb8b&#8221; divider_weight=&#8221;3px&#8221; _builder_version=&#8221;3.2&#8243; max_width=&#8221;50px&#8221;]&nbsp;<br \/>\n[\/et_pb_divider][et_pb_text _builder_version=&#8221;3.27.4&#8243; text_font=&#8221;Poppins||||||||&#8221; text_font_size=&#8221;16px&#8221; text_line_height=&#8221;2em&#8221; max_width=&#8221;750px&#8221;]<\/p>\n<p>BIURO PROJEKTU:<\/p>\n<p>Pa\u0144stwowa Wy\u017csza Szko\u0142a Zawodowa w Raciborzu<\/p>\n<p>ul. S\u0142owackiego 55<\/p>\n<p>47-400 Racib\u00f3rz<\/p>\n<p>tel. 32 415 50 20<\/p>\n<p>&nbsp;<\/p>\n<h2>zkf@pwszrac.pl<\/h2>\n<p>[\/et_pb_text][\/et_pb_column][et_pb_column type=&#8221;1_4&#8243; _builder_version=&#8221;3.25&#8243; custom_padding=&#8221;|||&#8221; custom_padding__hover=&#8221;|||&#8221;][et_pb_image src=&#8221;https:\/\/zkf.akademiarac.edu.pl\/wp-content\/uploads\/2020\/03\/job_recruitement_13.png&#8221; align_tablet=&#8221;center&#8221; align_phone=&#8221;&#8221; align_last_edited=&#8221;on|desktop&#8221; _builder_version=&#8221;3.23&#8243; max_width_tablet=&#8221;300px&#8221; max_width_phone=&#8221;&#8221; max_width_last_edited=&#8221;on|tablet&#8221; custom_margin=&#8221;|-40%||&#8221; custom_margin_tablet=&#8221;|0%||&#8221; custom_margin_phone=&#8221;&#8221; custom_margin_last_edited=&#8221;on|phone&#8221; animation_style=&#8221;roll&#8221; animation_delay=&#8221;50ms&#8221; animation_intensity_roll=&#8221;15%&#8221; locked=&#8221;off&#8221;]&nbsp;<br \/>\n[\/et_pb_image][\/et_pb_column][\/et_pb_row][\/et_pb_section][et_pb_section fb_built=&#8221;1&#8243; admin_label=&#8221;Contact Form Section&#8221; _builder_version=&#8221;3.22&#8243; background_color=&#8221;#f1f5f9&#8243; max_width=&#8221;96%&#8221; module_alignment=&#8221;right&#8221; custom_margin=&#8221;||100px|&#8221; custom_padding=&#8221;80px||0vw|&#8221;][et_pb_row _builder_version=&#8221;3.25&#8243; width=&#8221;100%&#8221; max_width=&#8221;100%&#8221; custom_margin=&#8221;5%|||&#8221; custom_padding=&#8221;0|0px||0px|false|false&#8221; use_custom_width=&#8221;on&#8221; width_unit=&#8221;off&#8221; custom_width_percent=&#8221;100%&#8221;][et_pb_column type=&#8221;4_4&#8243; _builder_version=&#8221;3.25&#8243; custom_padding=&#8221;|||&#8221; custom_padding__hover=&#8221;|||&#8221;][et_pb_text _builder_version=&#8221;3.27.4&#8243; text_font=&#8221;Raleway|800|||||||&#8221; text_font_size=&#8221;22vw&#8221; text_line_height=&#8221;0.8em&#8221; header_font=&#8221;||||||||&#8221; text_orientation=&#8221;right&#8221; background_layout=&#8221;dark&#8221; custom_margin=&#8221;||-5.5vw|&#8221; custom_margin_tablet=&#8221;&#8221; custom_margin_phone=&#8221;||-8vw|&#8221; custom_margin_last_edited=&#8221;on|desktop&#8221; animation_style=&#8221;slide&#8221; animation_direction=&#8221;bottom&#8221; animation_intensity_slide=&#8221;10%&#8221; animation_starting_opacity=&#8221;100%&#8221; text_font_size_tablet=&#8221;&#8221; text_font_size_phone=&#8221;&#8221; text_font_size_last_edited=&#8221;on|tablet&#8221;]PWSZ<br \/>\n[\/et_pb_text][\/et_pb_column][\/et_pb_row][\/et_pb_section]<\/p>\n","protected":false},"excerpt":{"rendered":"<p>Kontakt Je\u015bli masz pytania dotycz\u0105ce programu prosimy o korespondencj\u0119: &nbsp; BIURO PROJEKTU: Pa\u0144stwowa Wy\u017csza Szko\u0142a Zawodowa w Raciborzu ul. S\u0142owackiego 55 47-400 Racib\u00f3rz tel. 32 415 50 20 &nbsp; zkf@pwszrac.pl&nbsp; PWSZ<\/p>\n","protected":false},"author":2,"featured_media":0,"parent":0,"menu_order":0,"comment_status":"closed","ping_status":"closed","template":"","meta":{"_et_pb_use_builder":"on","_et_pb_old_content":"","_et_gb_content_width":""},"_links":{"self":[{"href":"https:\/\/zkf.akademiarac.edu.pl\/index.php\/wp-json\/wp\/v2\/pages\/1002"}],"collection":[{"href":"https:\/\/zkf.akademiarac.edu.pl\/index.php\/wp-json\/wp\/v2\/pages"}],"about":[{"href":"https:\/\/zkf.akademiarac.edu.pl\/index.php\/wp-json\/wp\/v2\/types\/page"}],"author":[{"embeddable":true,"href":"https:\/\/zkf.akademiarac.edu.pl\/index.php\/wp-json\/wp\/v2\/users\/2"}],"replies":[{"embeddable":true,"href":"https:\/\/zkf.akademiarac.edu.pl\/index.php\/wp-json\/wp\/v2\/comments?post=1002"}],"version-history":[{"count":3,"href":"https:\/\/zkf.akademiarac.edu.pl\/index.php\/wp-json\/wp\/v2\/pages\/1002\/revisions"}],"predecessor-version":[{"id":1007,"href":"https:\/\/zkf.akademiarac.edu.pl\/index.php\/wp-json\/wp\/v2\/pages\/1002\/revisions\/1007"}],"wp:attachment":[{"href":"https:\/\/zkf.akademiarac.edu.pl\/index.php\/wp-json\/wp\/v2\/media?parent=1002"}],"curies":[{"name":"wp","href":"https:\/\/api.w.org\/{rel}","templated":true}]}}